{"id":983,"date":"2023-10-13T16:31:24","date_gmt":"2023-10-13T21:31:24","guid":{"rendered":"https:\/\/favoritafruitcompany.com\/?page_id=983"},"modified":"2023-10-13T16:35:34","modified_gmt":"2023-10-13T21:35:34","slug":"politica-de-privacidad","status":"publish","type":"page","link":"https:\/\/favoritafruitcompany.com\/en\/politica-de-privacidad\/","title":{"rendered":"Pol\u00edtica de privacidad"},"content":{"rendered":"<div data-elementor-type=\"wp-page\" data-elementor-id=\"983\" class=\"elementor elementor-983\">\n\t\t\t\t<div class=\"elementor-element elementor-element-18318b0 e-con-full e-flex e-con e-parent\" data-id=\"18318b0\" data-element_type=\"container\" data-settings=\"{&quot;background_background&quot;:&quot;classic&quot;}\">\n\t\t\t\t<\/div>\n\t\t<div class=\"elementor-element elementor-element-134e803 e-flex e-con-boxed e-con e-parent\" data-id=\"134e803\" data-element_type=\"container\" data-settings=\"{&quot;background_background&quot;:&quot;classic&quot;}\">\n\t\t\t\t\t<div class=\"e-con-inner\">\n\t\t\t\t<div class=\"elementor-element elementor-element-3cd8990 elementor-widget elementor-widget-text-editor\" data-id=\"3cd8990\" data-element_type=\"widget\" data-widget_type=\"text-editor.default\">\n\t\t\t\t<div class=\"elementor-widget-container\">\n\t\t\t\t\t\t\t\t\t<p><span style=\"color: #d9a41e;\">Home \/<\/span> Pol\u00edtica de privacidad<\/p>\t\t\t\t\t\t\t\t<\/div>\n\t\t\t\t<\/div>\n\t\t\t\t\t<\/div>\n\t\t\t\t<\/div>\n\t\t<div class=\"elementor-element elementor-element-bc7c85e e-flex e-con-boxed e-con e-parent\" data-id=\"bc7c85e\" data-element_type=\"container\" data-settings=\"{&quot;background_background&quot;:&quot;classic&quot;}\">\n\t\t\t\t\t<div class=\"e-con-inner\">\n\t\t\t\t<div class=\"elementor-element elementor-element-04faba2 elementor-widget elementor-widget-spacer\" data-id=\"04faba2\" data-element_type=\"widget\" data-widget_type=\"spacer.default\">\n\t\t\t\t<div class=\"elementor-widget-container\">\n\t\t\t\t\t\t\t<div class=\"elementor-spacer\">\n\t\t\t<div class=\"elementor-spacer-inner\"><\/div>\n\t\t<\/div>\n\t\t\t\t\t\t<\/div>\n\t\t\t\t<\/div>\n\t\t\t\t<div class=\"elementor-element elementor-element-72ccd6d elementor-widget elementor-widget-heading\" data-id=\"72ccd6d\" data-element_type=\"widget\" data-widget_type=\"heading.default\">\n\t\t\t\t<div class=\"elementor-widget-container\">\n\t\t\t\t\t<h1 class=\"elementor-heading-title elementor-size-default\">Pol\u00edtica de Privacidad<\/h1>\t\t\t\t<\/div>\n\t\t\t\t<\/div>\n\t\t\t\t<div class=\"elementor-element elementor-element-3bec389 elementor-widget elementor-widget-spacer\" data-id=\"3bec389\" data-element_type=\"widget\" data-widget_type=\"spacer.default\">\n\t\t\t\t<div class=\"elementor-widget-container\">\n\t\t\t\t\t\t\t<div class=\"elementor-spacer\">\n\t\t\t<div class=\"elementor-spacer-inner\"><\/div>\n\t\t<\/div>\n\t\t\t\t\t\t<\/div>\n\t\t\t\t<\/div>\n\t\t\t\t<div class=\"elementor-element elementor-element-a07f533 elementor-widget elementor-widget-text-editor\" data-id=\"a07f533\" data-element_type=\"widget\" data-widget_type=\"text-editor.default\">\n\t\t\t\t<div class=\"elementor-widget-container\">\n\t\t\t\t\t\t\t\t\t<p>La presente Pol\u00edtica de Privacidad tiene como prop\u00f3sito principal informar a nuestros clientes \/ proveedores que REYBANPAC, Rey Banano del Pac\u00edfico C.L. (en adelante, LA EMPRESA) cumplen cada una de las disposiciones contenidas en la Ley Org\u00e1nica de Protecci\u00f3n de Datos Personales \u2013 (Quinto Suplemento del Registro Oficial 459, 26-V-2021), su Reglamento y normas complementarias.<\/p><p><strong>I. FINALIDAD DE LOS DATOS PERSONALES SOLICITADOS<\/strong><\/p><p>LA EMPRESA podr\u00e1 solicitar a sus clientes, proveedores, trabajadores, postulantes, y en general a los titulares de datos personales de este servicio o canal tecnol\u00f3gico su informaci\u00f3n con la siguiente finalidad:<\/p><p>Ejecutar procesos internos para evaluaci\u00f3n, calificaci\u00f3n y registro como proveedor o prestador de servicios profesionales.<br \/>Validar sus datos fiscales y bancarios, as\u00ed como contactar a las referencias que nos haya indicado, para corroborar la informaci\u00f3n comercial o profesional.<br \/>Reportes estad\u00edsticos, comunicaciones, promociones e informaci\u00f3n que la empresa considere conveniente comunicar al titular.<br \/>En caso de requerirlo, registrarlo en nuestros sistemas.<br \/>Contacto y comunicaciones entre las partes.<br \/>Cualquier otra actividad que la empresa considere necesario previa comunicaci\u00f3n al titular.<br \/>Queda expresamente establecido que LA EMPRESA reconoce el derecho de los Titulares de los Datos Personales a manifestar su negativa respecto al uso y tratamiento de sus datos personales, cuando consideren que la informaci\u00f3n proporcionada no cumple ninguna de las funciones anteriormente descritas, o si los datos brindados no son necesarios para el establecimiento de una relaci\u00f3n contractual. Esto sin perjuicio del derecho de revocaci\u00f3n de consentimiento previamente otorgado por parte del Titular de los Datos Personales o bien para ejercer su derecho de oposici\u00f3n al uso de sus datos en t\u00e9rminos de las disposiciones aplicables, derechos que en todo caso ser\u00e1n garantizados por la empresa.<\/p><p><strong>II. OBTENCI\u00d3N Y TRATAMIENTO DE LOS DATOS PERSONALES<\/strong><\/p><p>LA EMPRESA podr\u00e1 obtener informaci\u00f3n sobre el Titular de los Datos Personales, por cualquier medio permitido por la Ley, incluyendo mas no limit\u00e1ndose a la obtenci\u00f3n de manera personal o mediante plataformas electr\u00f3nicas y\/o p\u00e1ginas web. El Titular de los Datos Personales, mediante el ingreso de sus datos en la P\u00e1gina Web, aplicativo, software o su entrega de manera presencial, autoriza expresamente a LA EMPRESA y\/o su personal administrativo autorizado a tratar la informaci\u00f3n facilitada de conformidad con las disposiciones de la Ley Org\u00e1nica de Protecci\u00f3n de Datos Personales (Quinto Suplemento del Registro Oficial 459, 26-V-2021), su Reglamento y complementarias. LA EMPRESA procesar\u00e1 y proteger\u00e1 los datos del Titular de los Datos Personales a trav\u00e9s de medios digitales, t\u00e9cnicos y\/o administrativos para garantizar un \u00f3ptimo nivel de seguridad.<\/p><p>LA EMPRESA es responsable de guardar la informaci\u00f3n otorgada por el Titular de los Datos Personales con absoluta reserva y confidencialidad, comprometi\u00e9ndose a adoptar todas las medidas de control y seguridad necesarios para evitar la alteraci\u00f3n, uso, tratamiento, p\u00e9rdida y\/o acceso por terceros no autorizados. El Titular de los Datos Personales expresamente declara que toda la informaci\u00f3n que ponga a disposici\u00f3n de LA EMPRESA es exacta, cierta y brindada de buena fe, liberando expresamente por este acto a LA EMPRESA de cualquier responsabilidad en relaci\u00f3n con la veracidad de dicha informaci\u00f3n, la misma que incluye mas no se limita a los datos personales, laborales, patrimoniales y referencias personales del Titular de los Datos Personales. \u201cNinguno de los datos solicitados y recopilados por LA EMPRESA a nuestros clientes, proveedores es considerado como un dato sensible seg\u00fan lo establecido por las Ley de Protecci\u00f3n de Datos Personales.\u201d<\/p><p><strong>III. EJERCICIO DE LOS DERECHOS DE ACCESO, RECTIFICACI\u00d3N, CANCELACI\u00d3N U OPOSICI\u00d3N.<\/strong><\/p><p>El Titular de los Datos Personales es responsable de la exactitud, veracidad y autenticidad de los datos que proporcione. Los Titulares de los Datos Personales tendr\u00e1n derecho de acceder a sus datos personales que hubieren sido recabados, efectuar correcciones a los mismos en caso de ser estos inexactos o incompletos, solicitar su eliminaci\u00f3n cuando consideren que no son necesarios para alguna de las finalidades se\u00f1aladas en la Pol\u00edtica de Privacidad cuando esta sea legalmente procedente, y; a oponerse al uso o tratamiento de sus datos, en t\u00e9rminos de la Ley y las disposiciones aplicables. El Titular de los Datos Personales puede ejercer sus derechos de acceso, informaci\u00f3n, rectificaci\u00f3n, cancelaci\u00f3n, oposici\u00f3n y revocaci\u00f3n al uso de sus datos personales dirigiendo su solicitud con los requisitos solicitados en la Ley y dem\u00e1s normas aplicables de manera presencial o a la siguiente direcci\u00f3n electr\u00f3nica datospersonales@favoritafc.com.<\/p><p><strong>IV. SUSPENSI\u00d3N DE TRATAMIENTO (REVOCACI\u00d3N DE CONSENTIMIENTO)<\/strong><\/p><p>El Titular de los Datos Personales podr\u00e1 en cualquier momento informar a LA EMPRESA su voluntad de revocar o suspender el tratamiento que previamente le hubiere otorgado para el tratamiento de sus datos personales, con las finalidades descritas en la Pol\u00edtica de Privacidad establecida. Como consecuencia de la revocaci\u00f3n del consentimiento LA EMPRESA cesar\u00e1 el tratamiento de estos, salvo en aquellos casos expresamente establecidos en el art\u00edculo 19 de la Ley Org\u00e1nica de Protecci\u00f3n de Datos Personales, que regula los supuestos en los que no ser\u00e1 necesaria la obtenci\u00f3n del consentimiento del Titular de los Datos Personales para su tratamiento. Debe tenerse en cuenta que la suspensi\u00f3n de tratamiento no surtir\u00e1 efectos retroactivos en ning\u00fan caso.<\/p><p><strong>V. PROCEDIMIENTO PARA EL EJERCICIO DE LOS DERECHOS CONTENIDOS EN LA LEY ORG\u00c1NICA DE PROTECCI\u00d3N DE DATOS PERSONALES.<\/strong><\/p><p>El Titular de los Datos Personales puede ejercer directamente sus derechos de acceso, informaci\u00f3n, rectificaci\u00f3n, cancelaci\u00f3n, oposici\u00f3n y revocaci\u00f3n al uso de tus datos personales, o a trav\u00e9s de un representante legal, dirigiendo su solicitud con los requisitos solicitados en la Ley y dem\u00e1s normas aplicables, a la siguiente direcci\u00f3n de correo electr\u00f3nico: datospersonales@favoritafc.com. A la solicitud se deber\u00e1 anexar una copia de la c\u00e9dula de ciudadan\u00eda o pasaporte del Titular de los Datos Personales y de ser el caso, adicionalmente el de su representante. Asimismo, deber\u00e1 consignarse la siguiente informaci\u00f3n:<\/p><p>Nombres y apellidos del titular del derecho y una copia de su documentode identidad (C\u00e9dula o Pasaporte).<br \/>De ser el caso, datos de identificaci\u00f3n del representante del Titular de los Datos personales, copia de su documento de identidad (C\u00e9dula o Pasaporte) ,yuna carta poder (con firmas legalizadas) otorgada por el Titular de los Datos Personales.<br \/>Petici\u00f3n concreta que da lugar a la solicitud.<br \/>Domicilio y\/o correo electr\u00f3nico, a efectos de las notificaciones que correspondan.<br \/>Fecha y firma del solicitante.<br \/>Documentos que sustenten la petici\u00f3n, de ser el caso.<br \/>Asimismo, el Titular de los Datos Personales o su representante deber\u00e1 indicar a trav\u00e9s de qu\u00e9 medio LA EMPRESA deber\u00e1 facilitarle la informaci\u00f3n solicitada, pudiendo ser (i) a trav\u00e9s de su visualizaci\u00f3n en las instalaciones de LA EMPRESA que corresponda; (ii) por escrito, copia o fotocopia; (iii) mediante trasmisi\u00f3n electr\u00f3nica, para lo cual se deber\u00e1 indicar la direcci\u00f3n de correo electr\u00f3nico a la que se deber\u00e1 remitir la informaci\u00f3n; u (iv) otra forma id\u00f3nea y razonable. La revocaci\u00f3n de la autorizaci\u00f3n no requiere de motivaci\u00f3n alguna por parte del Titular de los Datos Personales. Recibida una solicitud, LA EMPRESA cumplir\u00e1 los plazos establecidos en la ley.<\/p><p><strong>VI. TRANSFERENCIA DE DATOS PERSONALES.<\/strong><\/p><p>La empresa como responsable de la informaci\u00f3n personal almacenada en sus bases de datos y en desarrollo de las finalidades descritas en el presente documento, podr\u00e1 realizar transferencia o transmisi\u00f3n nacional o internacional de datos a trav\u00e9s de sus proveedores u otras empresas que sean necesarias para poder proporcionar a sus clientes los diferentes servicios.<\/p><p><strong>VII. CONSENTIMIENTO PARA TRANSFERENCIA<\/strong><\/p><p>El Titular de los Datos Personales concede su expresa conformidad y faculta a LA EMPRESA a realizar las transferencias en los supuestos previstos en la presente pol\u00edtica de Privacidad<\/p><p><strong>VIII. TIEMPO DE ALMACENAMIENTO:<\/strong><\/p><p>Los datos personales que conforman nuestras bases de datos se encontrar\u00e1n almacenados de forma indefinida, salvo que el titular solicite la cancelaci\u00f3n de estos como parte de sus derechos, recurriendo a los procedimientos establecidos para ello.<\/p><p><strong>IX. COOKIES Y REDES SOCIALES<\/strong><\/p><p>El Titular de los Datos Personales que tenga acceso a las \u201cP\u00e1ginas Web o Aplicaciones\u201d, acuerda recibir las Cookies que les transmitan los servidores de LA EMPRESA. Una cookie es todo tipo de \u201cArchivo\u201d o \u201cDispositivo\u201d que se descarga en un \u201cEquipo Terminal\u201d (Ordenador, Tel\u00e9fono M\u00f3vil, Tableta u otro) de cualquier \u201cTitular de los Datos Personales\u201d (tanto Persona F\u00edsica como Persona Jur\u00eddica), con la finalidad de Almacenar Datos (desde pocos Kilobytes a muchos Megabytes) y que podr\u00e1n ser actualizados y\/o recuperados por la Entidad responsable de la instalaci\u00f3n. Una Cookie no puede leer los datos o informaci\u00f3n del disco duro del Titular de los Datos Personales ni leer las Cookies creadas por otros sitios o p\u00e1ginas. Los presentes T\u00e9rminos y condiciones de Uso y Privacidad corresponden \u00fanicamente a los servicios de LA EMPRESA. La empresa no tiene control alguno sobre los sitios web mostrados como resultados de b\u00fasquedas o enlaces que se incluyen en nuestras p\u00e1ginas web o aplicaciones. Es posible que estos sitios independientes env\u00eden sus propias cookies u otros archivos a su equipo, recopilen datos o le soliciten que env\u00ede informaci\u00f3n personal. Las redes sociales constituyen una plataforma de comunicaci\u00f3n y de interconexi\u00f3n entre plataformas digitales de los distintos usuarios, las cuales son ajenas a LA EMPRESA. y, por ello, no se encuentran bajo su responsabilidad. La informaci\u00f3n y datos proporcionados por el Titular de los Datos Personales dentro de las redes sociales de las cuales LA EMPRESA sea usuario, no constituyen en ning\u00fan momento parte de la informaci\u00f3n personal o sensible sujeta a la protecci\u00f3n de este Pol\u00edtica de Privacidad, siendo responsabilidad de la empresa prestadora de esa plataforma y de quien lo publica.<\/p><p><strong>X. COMUNICACIONES<\/strong><\/p><p>Cualquier modificaci\u00f3n total o parcial a las disposiciones enumeradas en la presente Pol\u00edtica de Privacidad deber\u00e1 ser notificada al titular de los datos personales por cualquier medio.<\/p>\t\t\t\t\t\t\t\t<\/div>\n\t\t\t\t<\/div>\n\t\t\t\t<div class=\"elementor-element elementor-element-ebc0969 elementor-widget elementor-widget-spacer\" data-id=\"ebc0969\" data-element_type=\"widget\" data-widget_type=\"spacer.default\">\n\t\t\t\t<div class=\"elementor-widget-container\">\n\t\t\t\t\t\t\t<div class=\"elementor-spacer\">\n\t\t\t<div class=\"elementor-spacer-inner\"><\/div>\n\t\t<\/div>\n\t\t\t\t\t\t<\/div>\n\t\t\t\t<\/div>\n\t\t\t\t\t<\/div>\n\t\t\t\t<\/div>\n\t\t\t\t<\/div>","protected":false},"excerpt":{"rendered":"<p>Home \/ Pol\u00edtica de privacidad Pol\u00edtica de Privacidad La presente Pol\u00edtica de Privacidad tiene como prop\u00f3sito principal informar a nuestros clientes \/ proveedores que REYBANPAC, &hellip;<\/p>","protected":false},"author":1,"featured_media":0,"parent":0,"menu_order":0,"comment_status":"closed","ping_status":"closed","template":"","meta":{"_monsterinsights_skip_tracking":false,"_monsterinsights_sitenote_active":false,"_monsterinsights_sitenote_note":"","_monsterinsights_sitenote_category":0,"footnotes":""},"class_list":["post-983","page","type-page","status-publish","hentry"],"yoast_head":"<!-- This site is optimized with the Yoast SEO plugin v24.9 - https:\/\/yoast.com\/wordpress\/plugins\/seo\/ -->\r\n<title>Pol\u00edtica de privacidad - Favorita Fruit Company<\/title>\r\n<meta name=\"robots\" content=\"index, follow, max-snippet:-1, max-image-preview:large, max-video-preview:-1\" \/>\r\n<link rel=\"canonical\" href=\"https:\/\/favoritafruitcompany.com\/en\/politica-de-privacidad\/\" \/>\r\n<meta property=\"og:locale\" content=\"en_US\" \/>\r\n<meta property=\"og:type\" content=\"article\" \/>\r\n<meta property=\"og:title\" content=\"Pol\u00edtica de privacidad - Favorita Fruit Company\" \/>\r\n<meta property=\"og:description\" content=\"Home \/ Pol\u00edtica de privacidad Pol\u00edtica de Privacidad La presente Pol\u00edtica de Privacidad tiene como prop\u00f3sito principal informar a nuestros clientes \/ proveedores que REYBANPAC, &hellip;\" \/>\r\n<meta property=\"og:url\" content=\"https:\/\/favoritafruitcompany.com\/en\/politica-de-privacidad\/\" \/>\r\n<meta property=\"og:site_name\" content=\"Favorita Fruit Company\" \/>\r\n<meta property=\"article:modified_time\" content=\"2023-10-13T21:35:34+00:00\" \/>\r\n<meta name=\"twitter:card\" content=\"summary_large_image\" \/>\r\n<meta name=\"twitter:label1\" content=\"Est. reading time\" \/>\n\t<meta name=\"twitter:data1\" content=\"8 minutes\" \/>\r\n<script type=\"application\/ld+json\" class=\"yoast-schema-graph\">{\"@context\":\"https:\/\/schema.org\",\"@graph\":[{\"@type\":\"WebPage\",\"@id\":\"https:\/\/favoritafruitcompany.com\/en\/politica-de-privacidad\/\",\"url\":\"https:\/\/favoritafruitcompany.com\/en\/politica-de-privacidad\/\",\"name\":\"Pol\u00edtica de privacidad - Favorita Fruit Company\",\"isPartOf\":{\"@id\":\"https:\/\/favoritafruitcompany.com\/#website\"},\"datePublished\":\"2023-10-13T21:31:24+00:00\",\"dateModified\":\"2023-10-13T21:35:34+00:00\",\"inLanguage\":\"en-US\",\"potentialAction\":[{\"@type\":\"ReadAction\",\"target\":[\"https:\/\/favoritafruitcompany.com\/en\/politica-de-privacidad\/\"]}]},{\"@type\":\"WebSite\",\"@id\":\"https:\/\/favoritafruitcompany.com\/#website\",\"url\":\"https:\/\/favoritafruitcompany.com\/\",\"name\":\"Favorita Fruit Company\",\"description\":\"\",\"publisher\":{\"@id\":\"https:\/\/favoritafruitcompany.com\/#organization\"},\"potentialAction\":[{\"@type\":\"SearchAction\",\"target\":{\"@type\":\"EntryPoint\",\"urlTemplate\":\"https:\/\/favoritafruitcompany.com\/?s={search_term_string}\"},\"query-input\":{\"@type\":\"PropertyValueSpecification\",\"valueRequired\":true,\"valueName\":\"search_term_string\"}}],\"inLanguage\":\"en-US\"},{\"@type\":\"Organization\",\"@id\":\"https:\/\/favoritafruitcompany.com\/#organization\",\"name\":\"Favorita Fruit Company\",\"url\":\"https:\/\/favoritafruitcompany.com\/\",\"logo\":{\"@type\":\"ImageObject\",\"inLanguage\":\"en-US\",\"@id\":\"https:\/\/favoritafruitcompany.com\/#\/schema\/logo\/image\/\",\"url\":\"https:\/\/favoritafruitcompany.com\/wp-content\/uploads\/2023\/10\/cropped-Group-4.png\",\"contentUrl\":\"https:\/\/favoritafruitcompany.com\/wp-content\/uploads\/2023\/10\/cropped-Group-4.png\",\"width\":84,\"height\":63,\"caption\":\"Favorita Fruit Company\"},\"image\":{\"@id\":\"https:\/\/favoritafruitcompany.com\/#\/schema\/logo\/image\/\"}}]}<\/script>\r\n<!-- \/ Yoast SEO plugin. -->","yoast_head_json":{"title":"Pol\u00edtica de privacidad - Favorita Fruit Company","robots":{"index":"index","follow":"follow","max-snippet":"max-snippet:-1","max-image-preview":"max-image-preview:large","max-video-preview":"max-video-preview:-1"},"canonical":"https:\/\/favoritafruitcompany.com\/en\/politica-de-privacidad\/","og_locale":"en_US","og_type":"article","og_title":"Pol\u00edtica de privacidad - Favorita Fruit Company","og_description":"Home \/ Pol\u00edtica de privacidad Pol\u00edtica de Privacidad La presente Pol\u00edtica de Privacidad tiene como prop\u00f3sito principal informar a nuestros clientes \/ proveedores que REYBANPAC, &hellip;","og_url":"https:\/\/favoritafruitcompany.com\/en\/politica-de-privacidad\/","og_site_name":"Favorita Fruit Company","article_modified_time":"2023-10-13T21:35:34+00:00","twitter_card":"summary_large_image","twitter_misc":{"Est. reading time":"8 minutes"},"schema":{"@context":"https:\/\/schema.org","@graph":[{"@type":"WebPage","@id":"https:\/\/favoritafruitcompany.com\/en\/politica-de-privacidad\/","url":"https:\/\/favoritafruitcompany.com\/en\/politica-de-privacidad\/","name":"Pol\u00edtica de privacidad - Favorita Fruit Company","isPartOf":{"@id":"https:\/\/favoritafruitcompany.com\/#website"},"datePublished":"2023-10-13T21:31:24+00:00","dateModified":"2023-10-13T21:35:34+00:00","inLanguage":"en-US","potentialAction":[{"@type":"ReadAction","target":["https:\/\/favoritafruitcompany.com\/en\/politica-de-privacidad\/"]}]},{"@type":"WebSite","@id":"https:\/\/favoritafruitcompany.com\/#website","url":"https:\/\/favoritafruitcompany.com\/","name":"Favorita Fruit Company","description":"","publisher":{"@id":"https:\/\/favoritafruitcompany.com\/#organization"},"potentialAction":[{"@type":"SearchAction","target":{"@type":"EntryPoint","urlTemplate":"https:\/\/favoritafruitcompany.com\/?s={search_term_string}"},"query-input":{"@type":"PropertyValueSpecification","valueRequired":true,"valueName":"search_term_string"}}],"inLanguage":"en-US"},{"@type":"Organization","@id":"https:\/\/favoritafruitcompany.com\/#organization","name":"Favorita Fruit Company","url":"https:\/\/favoritafruitcompany.com\/","logo":{"@type":"ImageObject","inLanguage":"en-US","@id":"https:\/\/favoritafruitcompany.com\/#\/schema\/logo\/image\/","url":"https:\/\/favoritafruitcompany.com\/wp-content\/uploads\/2023\/10\/cropped-Group-4.png","contentUrl":"https:\/\/favoritafruitcompany.com\/wp-content\/uploads\/2023\/10\/cropped-Group-4.png","width":84,"height":63,"caption":"Favorita Fruit Company"},"image":{"@id":"https:\/\/favoritafruitcompany.com\/#\/schema\/logo\/image\/"}}]}},"_links":{"self":[{"href":"https:\/\/favoritafruitcompany.com\/en\/wp-json\/wp\/v2\/pages\/983","targetHints":{"allow":["GET"]}}],"collection":[{"href":"https:\/\/favoritafruitcompany.com\/en\/wp-json\/wp\/v2\/pages"}],"about":[{"href":"https:\/\/favoritafruitcompany.com\/en\/wp-json\/wp\/v2\/types\/page"}],"author":[{"embeddable":true,"href":"https:\/\/favoritafruitcompany.com\/en\/wp-json\/wp\/v2\/users\/1"}],"replies":[{"embeddable":true,"href":"https:\/\/favoritafruitcompany.com\/en\/wp-json\/wp\/v2\/comments?post=983"}],"version-history":[{"count":10,"href":"https:\/\/favoritafruitcompany.com\/en\/wp-json\/wp\/v2\/pages\/983\/revisions"}],"predecessor-version":[{"id":993,"href":"https:\/\/favoritafruitcompany.com\/en\/wp-json\/wp\/v2\/pages\/983\/revisions\/993"}],"wp:attachment":[{"href":"https:\/\/favoritafruitcompany.com\/en\/wp-json\/wp\/v2\/media?parent=983"}],"curies":[{"name":"wp","href":"https:\/\/api.w.org\/{rel}","templated":true}]}}