{"id":277,"date":"2023-10-06T15:57:59","date_gmt":"2023-10-06T20:57:59","guid":{"rendered":"https:\/\/favoritafruitcompany.com\/?page_id=277"},"modified":"2023-10-06T16:40:53","modified_gmt":"2023-10-06T21:40:53","slug":"reybanpac-2","status":"publish","type":"page","link":"https:\/\/favoritafruitcompany.com\/en\/reybanpac-2\/","title":{"rendered":"Reybanpac"},"content":{"rendered":"<div data-elementor-type=\"wp-page\" data-elementor-id=\"277\" class=\"elementor elementor-277\">\n\t\t\t\t<div class=\"elementor-element elementor-element-b004ff5 e-flex e-con-boxed e-con e-parent\" data-id=\"b004ff5\" data-element_type=\"container\">\n\t\t\t\t\t<div class=\"e-con-inner\">\n\t\t\t\t<div class=\"elementor-element elementor-element-e436840 elementor-widget elementor-widget-slider_revolution\" data-id=\"e436840\" data-element_type=\"widget\" data-widget_type=\"slider_revolution.default\">\n\t\t\t\t<div class=\"elementor-widget-container\">\n\t\t\t\t\t\n\t\t<div class=\"wp-block-themepunch-revslider\">\t\t\t<rs-module-wrap id=\"rev_slider_error_1_wrapper\">\n\t\t\t\t<rs-module id=\"rev_slider_error_1\">\n\t\t\t\t\t<div class=\"rs_error_message_box\">\n\t\t\t\t\t\t<div class=\"rs_error_message_oops\">Oops...<\/div>\n\t\t\t\t\t\t<div class=\"rs_error_message_content\">Slider with alias slider-1 not found.<\/div>\n\t\t\t\t\t<\/div>\n\t\t\t\t<\/rs-module>\n\t\t\t<\/rs-module-wrap>\n\t\t\t<script type=\"text\/javascript\">\n\t\t\t\tvar rs_eslider = document.getElementById(\"rev_slider_error_1\");\n\t\t\t\trs_eslider.style.display = \"none\";\n\t\t\t\tconsole.log(\"Slider with alias slider-1 not found.\");\n\t\t\t<\/script>\n<\/div>\n\n\t\t\t\t\t\t<\/div>\n\t\t\t\t<\/div>\n\t\t\t\t\t<\/div>\n\t\t\t\t<\/div>\n\t\t<div class=\"elementor-element elementor-element-406d8b2 e-con-full e-flex e-con e-parent\" data-id=\"406d8b2\" data-element_type=\"container\">\n\t\t<div class=\"elementor-element elementor-element-3cf4e20 e-con-full e-flex e-con e-child\" data-id=\"3cf4e20\" data-element_type=\"container\">\n\t\t\t\t<\/div>\n\t\t<div class=\"elementor-element elementor-element-d090295 e-con-full e-flex e-con e-child\" data-id=\"d090295\" data-element_type=\"container\">\n\t\t<div class=\"elementor-element elementor-element-cc04824 e-flex e-con-boxed e-con e-child\" data-id=\"cc04824\" data-element_type=\"container\">\n\t\t\t\t\t<div class=\"e-con-inner\">\n\t\t\t\t<div class=\"elementor-element elementor-element-87b00b7 elementor-widget elementor-widget-heading\" data-id=\"87b00b7\" data-element_type=\"widget\" data-widget_type=\"heading.default\">\n\t\t\t\t<div class=\"elementor-widget-container\">\n\t\t\t\t\t<h2 class=\"elementor-heading-title elementor-size-default\">Pioneers in new markets<\/h2>\t\t\t\t<\/div>\n\t\t\t\t<\/div>\n\t\t\t\t\t<\/div>\n\t\t\t\t<\/div>\n\t\t<div class=\"elementor-element elementor-element-2e36ec6 e-flex e-con-boxed e-con e-child\" data-id=\"2e36ec6\" data-element_type=\"container\">\n\t\t\t\t\t<div class=\"e-con-inner\">\n\t\t\t\t<div class=\"elementor-element elementor-element-33b8d9e elementor-widget elementor-widget-text-editor\" data-id=\"33b8d9e\" data-element_type=\"widget\" data-widget_type=\"text-editor.default\">\n\t\t\t\t<div class=\"elementor-widget-container\">\n\t\t\t\t\t\t\t\t\t<p>Somos pioneros en la apertura de nuevos mercados. Nuestra historia y extensa trayectoria est\u00e1 ligada al desarrollo de nuestro pa\u00eds ya que, henos trabajado para ser un referente de la agroindustria bananera a nivel global. Tan importante como ello. tenemos una proyecci\u00f3n a futuro que nos permitir\u00e1 seguir construyendo nuestro legado<\/p>\t\t\t\t\t\t\t\t<\/div>\n\t\t\t\t<\/div>\n\t\t\t\t\t<\/div>\n\t\t\t\t<\/div>\n\t\t\t\t<\/div>\n\t\t\t\t<\/div>\n\t\t<div class=\"elementor-element elementor-element-9f627e7 e-con-full animated-slow e-flex elementor-invisible e-con e-parent\" data-id=\"9f627e7\" data-element_type=\"container\" data-settings=\"{&quot;animation&quot;:&quot;fadeIn&quot;}\">\n\t\t<div class=\"elementor-element elementor-element-03c5b1b e-con-full e-flex e-con e-child\" data-id=\"03c5b1b\" data-element_type=\"container\">\n\t\t\t\t<div class=\"elementor-element elementor-element-ed52837 elementor-widget elementor-widget-heading\" data-id=\"ed52837\" data-element_type=\"widget\" data-widget_type=\"heading.default\">\n\t\t\t\t<div class=\"elementor-widget-container\">\n\t\t\t\t\t<h2 class=\"elementor-heading-title elementor-size-default\">We are characterized by excellence<\/h2>\t\t\t\t<\/div>\n\t\t\t\t<\/div>\n\t\t\t\t<div class=\"elementor-element elementor-element-03e1770 elementor-widget elementor-widget-text-editor\" data-id=\"03e1770\" data-element_type=\"widget\" data-widget_type=\"text-editor.default\">\n\t\t\t\t<div class=\"elementor-widget-container\">\n\t\t\t\t\t\t\t\t\t<p>Buscamos siempre diferenciarnos por nuestra excelencia. Nos mantenemos cerca de nuestros clientes, entendemos sus necesidad y las exigencias dl mercado. Por ello, nos adaptamos y somos proactivos a desarrollar soluciones innovadoras y flexibles a la medida de nuestros clientes<\/p>\t\t\t\t\t\t\t\t<\/div>\n\t\t\t\t<\/div>\n\t\t\t\t<\/div>\n\t\t<div class=\"elementor-element elementor-element-4c90dfa e-con-full e-flex e-con e-child\" data-id=\"4c90dfa\" data-element_type=\"container\">\n\t\t\t\t<div class=\"elementor-element elementor-element-bd19e42 elementor-widget elementor-widget-heading\" data-id=\"bd19e42\" data-element_type=\"widget\" data-widget_type=\"heading.default\">\n\t\t\t\t<div class=\"elementor-widget-container\">\n\t\t\t\t\t<h2 class=\"elementor-heading-title elementor-size-default\">L\u00edderes en banano\n<\/h2>\t\t\t\t<\/div>\n\t\t\t\t<\/div>\n\t\t\t\t<div class=\"elementor-element elementor-element-a714190 elementor-widget elementor-widget-text-editor\" data-id=\"a714190\" data-element_type=\"widget\" data-widget_type=\"text-editor.default\">\n\t\t\t\t<div class=\"elementor-widget-container\">\n\t\t\t\t\t\t\t\t\t<section class=\"vc_section\"><div class=\"vc_row wpb_row vc_row-fluid\"><div class=\"wpb_column vc_column_container vc_col-sm-6\"><div class=\"vc_column-inner\"><div class=\"wpb_wrapper\"><div class=\"vc_row wpb_row vc_inner vc_row-fluid\"><div class=\"wpb_column vc_column_container vc_col-sm-12\"><div class=\"vc_column-inner\"><div class=\"wpb_wrapper\"><div class=\"wpb_text_column wpb_content_element\"><div class=\"wpb_wrapper\"><p style=\"text-align: left;\">Contamos con procesos eficientes y controlados, plantas con mayor vigor, una extensa vida en percha, consistencia en la calidad de productos, un sistema de trazabilidad garantizado por normas de Buenas Pr\u00e1cticas Agr\u00edcolas (GAP), y regularidad en las entregas<\/p><\/div><\/div><\/div><\/div><\/div><\/div><\/div><\/div><\/div><\/div><\/section>\t\t\t\t\t\t\t\t<\/div>\n\t\t\t\t<\/div>\n\t\t\t\t<\/div>\n\t\t\t\t<\/div>\n\t\t<div class=\"elementor-element elementor-element-d60177f e-con-full e-flex e-con e-parent\" data-id=\"d60177f\" data-element_type=\"container\" data-settings=\"{&quot;background_background&quot;:&quot;classic&quot;}\">\n\t\t<div class=\"elementor-element elementor-element-85ec885 e-con-full e-flex e-con e-child\" data-id=\"85ec885\" data-element_type=\"container\">\n\t\t\t\t<div class=\"elementor-element elementor-element-4378cca elementor-widget elementor-widget-heading\" data-id=\"4378cca\" data-element_type=\"widget\" data-widget_type=\"heading.default\">\n\t\t\t\t<div class=\"elementor-widget-container\">\n\t\t\t\t\t<h2 class=\"elementor-heading-title elementor-size-default\">Producci\u00f3n eficiente<\/h2>\t\t\t\t<\/div>\n\t\t\t\t<\/div>\n\t\t\t\t<div class=\"elementor-element elementor-element-4607df7 elementor-widget elementor-widget-text-editor\" data-id=\"4607df7\" data-element_type=\"widget\" data-widget_type=\"text-editor.default\">\n\t\t\t\t<div class=\"elementor-widget-container\">\n\t\t\t\t\t\t\t\t\t<p>Our efficient production and marketing chain enable us to ensure the availability of fruit all year round. Using the best shipping services and our own dedicated logistics team, we reach consumers from the largest supermarket chains worldwide.<\/p>\t\t\t\t\t\t\t\t<\/div>\n\t\t\t\t<\/div>\n\t\t\t\t<\/div>\n\t\t<div class=\"elementor-element elementor-element-bcf78bd e-con-full e-flex e-con e-child\" data-id=\"bcf78bd\" data-element_type=\"container\">\n\t\t\t\t<\/div>\n\t\t\t\t<\/div>\n\t\t<div class=\"elementor-element elementor-element-d79be27 e-con-full e-flex e-con e-parent\" data-id=\"d79be27\" data-element_type=\"container\">\n\t\t<div class=\"elementor-element elementor-element-6a19b53 e-con-full e-flex e-con e-child\" data-id=\"6a19b53\" data-element_type=\"container\">\n\t\t\t\t<\/div>\n\t\t<div class=\"elementor-element elementor-element-7a1ffd8 e-con-full e-flex e-con e-child\" data-id=\"7a1ffd8\" data-element_type=\"container\">\n\t\t\t\t<div class=\"elementor-element elementor-element-1bc860e elementor-widget elementor-widget-heading\" data-id=\"1bc860e\" data-element_type=\"widget\" data-widget_type=\"heading.default\">\n\t\t\t\t<div class=\"elementor-widget-container\">\n\t\t\t\t\t<h2 class=\"elementor-heading-title elementor-size-default\">Compromiso<\/h2>\t\t\t\t<\/div>\n\t\t\t\t<\/div>\n\t\t\t\t<div class=\"elementor-element elementor-element-5ec4cd6 elementor-widget elementor-widget-text-editor\" data-id=\"5ec4cd6\" data-element_type=\"widget\" data-widget_type=\"text-editor.default\">\n\t\t\t\t<div class=\"elementor-widget-container\">\n\t\t\t\t\t\t\t\t\t<p>A lo largo de los a\u00f1os hemos mantenido nuestro compromiso de generar un impacto social y ambiental positivo. Por esto, nuestra compa\u00f1\u00eda cuenta tambi\u00e9n con el prestigio de certificaciones mundiales reconocidas.<\/p><p>Solos una empresa que trabaja por su pa\u00eds y su gente. Queremos aportar bienestar a nuestros colaboradores, a las comunidades y a nuestros consumidores. En Reybanpac elegimos la excelencia, elegimos la sostenibilidad<\/p>\t\t\t\t\t\t\t\t<\/div>\n\t\t\t\t<\/div>\n\t\t\t\t<\/div>\n\t\t\t\t<\/div>\n\t\t\t\t<\/div>","protected":false},"excerpt":{"rendered":"<p>Pioneros en nuevos mercados Somos pioneros en la apertura de nuevos mercados. Nuestra historia y extensa trayectoria est\u00e1 ligada al desarrollo de nuestro pa\u00eds ya &hellip;<\/p>","protected":false},"author":1,"featured_media":0,"parent":0,"menu_order":0,"comment_status":"closed","ping_status":"closed","template":"elementor_header_footer","meta":{"_monsterinsights_skip_tracking":false,"_monsterinsights_sitenote_active":false,"_monsterinsights_sitenote_note":"","_monsterinsights_sitenote_category":0,"footnotes":""},"class_list":["post-277","page","type-page","status-publish","hentry"],"yoast_head":"<!-- This site is optimized with the Yoast SEO plugin v24.9 - https:\/\/yoast.com\/wordpress\/plugins\/seo\/ -->\r\n<title>Reybanpac - Favorita Fruit Company<\/title>\r\n<meta name=\"robots\" content=\"index, follow, max-snippet:-1, max-image-preview:large, max-video-preview:-1\" \/>\r\n<link rel=\"canonical\" href=\"https:\/\/favoritafruitcompany.com\/en\/reybanpac-2\/\" \/>\r\n<meta property=\"og:locale\" content=\"en_US\" \/>\r\n<meta property=\"og:type\" content=\"article\" \/>\r\n<meta property=\"og:title\" content=\"Reybanpac - Favorita Fruit Company\" \/>\r\n<meta property=\"og:description\" content=\"Pioneros en nuevos mercados Somos pioneros en la apertura de nuevos mercados. Nuestra historia y extensa trayectoria est\u00e1 ligada al desarrollo de nuestro pa\u00eds ya &hellip;\" \/>\r\n<meta property=\"og:url\" content=\"https:\/\/favoritafruitcompany.com\/en\/reybanpac-2\/\" \/>\r\n<meta property=\"og:site_name\" content=\"Favorita Fruit Company\" \/>\r\n<meta property=\"article:modified_time\" content=\"2023-10-06T21:40:53+00:00\" \/>\r\n<meta name=\"twitter:card\" content=\"summary_large_image\" \/>\r\n<meta name=\"twitter:label1\" content=\"Est. reading time\" \/>\n\t<meta name=\"twitter:data1\" content=\"2 minutes\" \/>\r\n<script type=\"application\/ld+json\" class=\"yoast-schema-graph\">{\"@context\":\"https:\/\/schema.org\",\"@graph\":[{\"@type\":\"WebPage\",\"@id\":\"https:\/\/favoritafruitcompany.com\/en\/reybanpac-2\/\",\"url\":\"https:\/\/favoritafruitcompany.com\/en\/reybanpac-2\/\",\"name\":\"Reybanpac - Favorita Fruit Company\",\"isPartOf\":{\"@id\":\"https:\/\/favoritafruitcompany.com\/#website\"},\"datePublished\":\"2023-10-06T20:57:59+00:00\",\"dateModified\":\"2023-10-06T21:40:53+00:00\",\"inLanguage\":\"en-US\",\"potentialAction\":[{\"@type\":\"ReadAction\",\"target\":[\"https:\/\/favoritafruitcompany.com\/en\/reybanpac-2\/\"]}]},{\"@type\":\"WebSite\",\"@id\":\"https:\/\/favoritafruitcompany.com\/#website\",\"url\":\"https:\/\/favoritafruitcompany.com\/\",\"name\":\"Favorita Fruit Company\",\"description\":\"\",\"publisher\":{\"@id\":\"https:\/\/favoritafruitcompany.com\/#organization\"},\"potentialAction\":[{\"@type\":\"SearchAction\",\"target\":{\"@type\":\"EntryPoint\",\"urlTemplate\":\"https:\/\/favoritafruitcompany.com\/?s={search_term_string}\"},\"query-input\":{\"@type\":\"PropertyValueSpecification\",\"valueRequired\":true,\"valueName\":\"search_term_string\"}}],\"inLanguage\":\"en-US\"},{\"@type\":\"Organization\",\"@id\":\"https:\/\/favoritafruitcompany.com\/#organization\",\"name\":\"Favorita Fruit Company\",\"url\":\"https:\/\/favoritafruitcompany.com\/\",\"logo\":{\"@type\":\"ImageObject\",\"inLanguage\":\"en-US\",\"@id\":\"https:\/\/favoritafruitcompany.com\/#\/schema\/logo\/image\/\",\"url\":\"https:\/\/favoritafruitcompany.com\/wp-content\/uploads\/2023\/10\/cropped-Group-4.png\",\"contentUrl\":\"https:\/\/favoritafruitcompany.com\/wp-content\/uploads\/2023\/10\/cropped-Group-4.png\",\"width\":84,\"height\":63,\"caption\":\"Favorita Fruit Company\"},\"image\":{\"@id\":\"https:\/\/favoritafruitcompany.com\/#\/schema\/logo\/image\/\"}}]}<\/script>\r\n<!-- \/ Yoast SEO plugin. -->","yoast_head_json":{"title":"Reybanpac - Favorita Fruit Company","robots":{"index":"index","follow":"follow","max-snippet":"max-snippet:-1","max-image-preview":"max-image-preview:large","max-video-preview":"max-video-preview:-1"},"canonical":"https:\/\/favoritafruitcompany.com\/en\/reybanpac-2\/","og_locale":"en_US","og_type":"article","og_title":"Reybanpac - Favorita Fruit Company","og_description":"Pioneros en nuevos mercados Somos pioneros en la apertura de nuevos mercados. Nuestra historia y extensa trayectoria est\u00e1 ligada al desarrollo de nuestro pa\u00eds ya &hellip;","og_url":"https:\/\/favoritafruitcompany.com\/en\/reybanpac-2\/","og_site_name":"Favorita Fruit Company","article_modified_time":"2023-10-06T21:40:53+00:00","twitter_card":"summary_large_image","twitter_misc":{"Est. reading time":"2 minutes"},"schema":{"@context":"https:\/\/schema.org","@graph":[{"@type":"WebPage","@id":"https:\/\/favoritafruitcompany.com\/en\/reybanpac-2\/","url":"https:\/\/favoritafruitcompany.com\/en\/reybanpac-2\/","name":"Reybanpac - Favorita Fruit Company","isPartOf":{"@id":"https:\/\/favoritafruitcompany.com\/#website"},"datePublished":"2023-10-06T20:57:59+00:00","dateModified":"2023-10-06T21:40:53+00:00","inLanguage":"en-US","potentialAction":[{"@type":"ReadAction","target":["https:\/\/favoritafruitcompany.com\/en\/reybanpac-2\/"]}]},{"@type":"WebSite","@id":"https:\/\/favoritafruitcompany.com\/#website","url":"https:\/\/favoritafruitcompany.com\/","name":"Favorita Fruit Company","description":"","publisher":{"@id":"https:\/\/favoritafruitcompany.com\/#organization"},"potentialAction":[{"@type":"SearchAction","target":{"@type":"EntryPoint","urlTemplate":"https:\/\/favoritafruitcompany.com\/?s={search_term_string}"},"query-input":{"@type":"PropertyValueSpecification","valueRequired":true,"valueName":"search_term_string"}}],"inLanguage":"en-US"},{"@type":"Organization","@id":"https:\/\/favoritafruitcompany.com\/#organization","name":"Favorita Fruit Company","url":"https:\/\/favoritafruitcompany.com\/","logo":{"@type":"ImageObject","inLanguage":"en-US","@id":"https:\/\/favoritafruitcompany.com\/#\/schema\/logo\/image\/","url":"https:\/\/favoritafruitcompany.com\/wp-content\/uploads\/2023\/10\/cropped-Group-4.png","contentUrl":"https:\/\/favoritafruitcompany.com\/wp-content\/uploads\/2023\/10\/cropped-Group-4.png","width":84,"height":63,"caption":"Favorita Fruit Company"},"image":{"@id":"https:\/\/favoritafruitcompany.com\/#\/schema\/logo\/image\/"}}]}},"_links":{"self":[{"href":"https:\/\/favoritafruitcompany.com\/en\/wp-json\/wp\/v2\/pages\/277","targetHints":{"allow":["GET"]}}],"collection":[{"href":"https:\/\/favoritafruitcompany.com\/en\/wp-json\/wp\/v2\/pages"}],"about":[{"href":"https:\/\/favoritafruitcompany.com\/en\/wp-json\/wp\/v2\/types\/page"}],"author":[{"embeddable":true,"href":"https:\/\/favoritafruitcompany.com\/en\/wp-json\/wp\/v2\/users\/1"}],"replies":[{"embeddable":true,"href":"https:\/\/favoritafruitcompany.com\/en\/wp-json\/wp\/v2\/comments?post=277"}],"version-history":[{"count":49,"href":"https:\/\/favoritafruitcompany.com\/en\/wp-json\/wp\/v2\/pages\/277\/revisions"}],"predecessor-version":[{"id":349,"href":"https:\/\/favoritafruitcompany.com\/en\/wp-json\/wp\/v2\/pages\/277\/revisions\/349"}],"wp:attachment":[{"href":"https:\/\/favoritafruitcompany.com\/en\/wp-json\/wp\/v2\/media?parent=277"}],"curies":[{"name":"wp","href":"https:\/\/api.w.org\/{rel}","templated":true}]}}